{"id":446,"date":"2022-09-20T15:02:56","date_gmt":"2022-09-20T15:02:56","guid":{"rendered":"https:\/\/dev.continentalrack.fr\/?post_type=product&#038;p=446"},"modified":"2023-03-03T11:21:37","modified_gmt":"2023-03-03T11:21:37","slug":"filets-antichute","status":"publish","type":"product","link":"https:\/\/wallonie.continentalrack.be\/?product=filets-antichute","title":{"rendered":"Filets antichute"},"content":{"rendered":"<p>Les filets anti-chute sont des protections permettant de pr\u00e9venir contre la chute de colis ou de palettes stock\u00e9es sur les rayonnages. Ces protections sont indispensables pour prot\u00e9ger les all\u00e9es de circulation et \u00e9viter tout accident corporel et mat\u00e9riel.<\/p>\n<p>Nos filets en cordage sont fabriqu\u00e9s sur mesure.\u00a0Ils sont faciles \u00e0 monter, d\u00e9montables et repositionnables.<\/p>\n<p>Il existe plusieurs types de mailles et de r\u00e9sistances.<\/p>\n","protected":false},"excerpt":{"rendered":"<p>Les filets anti-chute sont des protections permettant de pr\u00e9venir contre la chute de colis ou de palettes stock\u00e9es sur les rayonnages. Ces protections sont indispensables pour prot\u00e9ger les all\u00e9es de circulation et \u00e9viter tout accident corporel et mat\u00e9riel. Nos filets en cordage sont fabriqu\u00e9s sur mesure.\u00a0Ils sont faciles \u00e0 monter, d\u00e9montables et repositionnables. Il existe [&hellip;]<\/p>\n","protected":false},"featured_media":406,"comment_status":"open","ping_status":"closed","template":"","meta":{"_acf_changed":false,"_et_pb_use_builder":"","_et_pb_old_content":"","_et_gb_content_width":""},"product_brand":[],"product_cat":[18,60,33,31,24,19,45],"product_tag":[],"class_list":{"0":"post-446","1":"product","2":"type-product","3":"status-publish","4":"has-post-thumbnail","6":"product_cat-amenager-une-surface-de-stockage","7":"product_cat-autre","8":"product_cat-divers","9":"product_cat-rayonnages-a-palettes","10":"product_cat-securiser","11":"product_cat-stockage-de-palettes","12":"product_cat-stocker","14":"first","15":"instock","16":"shipping-taxable","17":"product-type-simple"},"acf":[],"_links":{"self":[{"href":"https:\/\/wallonie.continentalrack.be\/index.php?rest_route=\/wp\/v2\/product\/446","targetHints":{"allow":["GET"]}}],"collection":[{"href":"https:\/\/wallonie.continentalrack.be\/index.php?rest_route=\/wp\/v2\/product"}],"about":[{"href":"https:\/\/wallonie.continentalrack.be\/index.php?rest_route=\/wp\/v2\/types\/product"}],"replies":[{"embeddable":true,"href":"https:\/\/wallonie.continentalrack.be\/index.php?rest_route=%2Fwp%2Fv2%2Fcomments&post=446"}],"wp:featuredmedia":[{"embeddable":true,"href":"https:\/\/wallonie.continentalrack.be\/index.php?rest_route=\/wp\/v2\/media\/406"}],"wp:attachment":[{"href":"https:\/\/wallonie.continentalrack.be\/index.php?rest_route=%2Fwp%2Fv2%2Fmedia&parent=446"}],"wp:term":[{"taxonomy":"product_brand","embeddable":true,"href":"https:\/\/wallonie.continentalrack.be\/index.php?rest_route=%2Fwp%2Fv2%2Fproduct_brand&post=446"},{"taxonomy":"product_cat","embeddable":true,"href":"https:\/\/wallonie.continentalrack.be\/index.php?rest_route=%2Fwp%2Fv2%2Fproduct_cat&post=446"},{"taxonomy":"product_tag","embeddable":true,"href":"https:\/\/wallonie.continentalrack.be\/index.php?rest_route=%2Fwp%2Fv2%2Fproduct_tag&post=446"}],"curies":[{"name":"wp","href":"https:\/\/api.w.org\/{rel}","templated":true}]}}