{"id":438,"date":"2022-09-20T14:58:15","date_gmt":"2022-09-20T14:58:15","guid":{"rendered":"https:\/\/dev.continentalrack.fr\/?post_type=product&#038;p=438"},"modified":"2022-10-07T13:03:46","modified_gmt":"2022-10-07T13:03:46","slug":"poste-de-travail","status":"publish","type":"product","link":"https:\/\/wallonie.continentalrack.be\/?product=poste-de-travail","title":{"rendered":"Poste de travail"},"content":{"rendered":"<p>Utilisant le rayonnage mi-lourd, il permet de cr\u00e9er son poste de travail sur mesure \u00e0 un tr\u00e8s bon rapport qualit\u00e9 prix.<\/p>\n","protected":false},"excerpt":{"rendered":"<p>Utilisant le rayonnage mi-lourd, il permet de cr\u00e9er son poste de travail sur mesure \u00e0 un tr\u00e8s bon rapport qualit\u00e9 prix.<\/p>\n","protected":false},"featured_media":439,"comment_status":"open","ping_status":"closed","template":"","meta":{"_acf_changed":false,"_et_pb_use_builder":"","_et_pb_old_content":"","_et_gb_content_width":""},"product_brand":[],"product_cat":[18,60,33,32],"product_tag":[],"class_list":{"0":"post-438","1":"product","2":"type-product","3":"status-publish","4":"has-post-thumbnail","6":"product_cat-amenager-une-surface-de-stockage","7":"product_cat-autre","8":"product_cat-divers","9":"product_cat-rayonnages-mi-lourd","11":"first","12":"instock","13":"shipping-taxable","14":"product-type-simple"},"acf":[],"_links":{"self":[{"href":"https:\/\/wallonie.continentalrack.be\/index.php?rest_route=\/wp\/v2\/product\/438","targetHints":{"allow":["GET"]}}],"collection":[{"href":"https:\/\/wallonie.continentalrack.be\/index.php?rest_route=\/wp\/v2\/product"}],"about":[{"href":"https:\/\/wallonie.continentalrack.be\/index.php?rest_route=\/wp\/v2\/types\/product"}],"replies":[{"embeddable":true,"href":"https:\/\/wallonie.continentalrack.be\/index.php?rest_route=%2Fwp%2Fv2%2Fcomments&post=438"}],"wp:featuredmedia":[{"embeddable":true,"href":"https:\/\/wallonie.continentalrack.be\/index.php?rest_route=\/wp\/v2\/media\/439"}],"wp:attachment":[{"href":"https:\/\/wallonie.continentalrack.be\/index.php?rest_route=%2Fwp%2Fv2%2Fmedia&parent=438"}],"wp:term":[{"taxonomy":"product_brand","embeddable":true,"href":"https:\/\/wallonie.continentalrack.be\/index.php?rest_route=%2Fwp%2Fv2%2Fproduct_brand&post=438"},{"taxonomy":"product_cat","embeddable":true,"href":"https:\/\/wallonie.continentalrack.be\/index.php?rest_route=%2Fwp%2Fv2%2Fproduct_cat&post=438"},{"taxonomy":"product_tag","embeddable":true,"href":"https:\/\/wallonie.continentalrack.be\/index.php?rest_route=%2Fwp%2Fv2%2Fproduct_tag&post=438"}],"curies":[{"name":"wp","href":"https:\/\/api.w.org\/{rel}","templated":true}]}}