{"id":434,"date":"2022-09-20T14:56:37","date_gmt":"2022-09-20T14:56:37","guid":{"rendered":"https:\/\/dev.continentalrack.fr\/?post_type=product&#038;p=434"},"modified":"2022-10-07T13:00:22","modified_gmt":"2022-10-07T13:00:22","slug":"echelle-a-crinoline","status":"publish","type":"product","link":"https:\/\/wallonie.continentalrack.be\/?product=echelle-a-crinoline","title":{"rendered":"Echelle \u00e0 crinoline"},"content":{"rendered":"<p>Les \u00e9chelles \u00e0 crinoline sont des moyens d&rsquo;acc\u00e8s permanent vou\u00e9s \u00e0 desservir les mezzanines, b\u00e2timents et installations industrielles. Elles offrent un gain de place non n\u00e9gligeable lorsque les autres moyens tels que des escaliers ou passerelles ne peuvent \u00eatre mis en \u0153uvre.<\/p>\n","protected":false},"excerpt":{"rendered":"<p>Les \u00e9chelles \u00e0 crinoline sont des moyens d&rsquo;acc\u00e8s permanent vou\u00e9s \u00e0 desservir les mezzanines, b\u00e2timents et installations industrielles. Elles offrent un gain de place non n\u00e9gligeable lorsque les autres moyens tels que des escaliers ou passerelles ne peuvent \u00eatre mis en \u0153uvre.<\/p>\n","protected":false},"featured_media":437,"comment_status":"open","ping_status":"closed","template":"","meta":{"_acf_changed":false,"_et_pb_use_builder":"","_et_pb_old_content":"","_et_gb_content_width":""},"product_brand":[],"product_cat":[33,28,59],"product_tag":[],"class_list":{"0":"post-434","1":"product","2":"type-product","3":"status-publish","4":"has-post-thumbnail","6":"product_cat-divers","7":"product_cat-plateforme-sur-mesures","8":"product_cat-star","10":"first","11":"instock","12":"shipping-taxable","13":"product-type-simple"},"acf":[],"_links":{"self":[{"href":"https:\/\/wallonie.continentalrack.be\/index.php?rest_route=\/wp\/v2\/product\/434","targetHints":{"allow":["GET"]}}],"collection":[{"href":"https:\/\/wallonie.continentalrack.be\/index.php?rest_route=\/wp\/v2\/product"}],"about":[{"href":"https:\/\/wallonie.continentalrack.be\/index.php?rest_route=\/wp\/v2\/types\/product"}],"replies":[{"embeddable":true,"href":"https:\/\/wallonie.continentalrack.be\/index.php?rest_route=%2Fwp%2Fv2%2Fcomments&post=434"}],"wp:featuredmedia":[{"embeddable":true,"href":"https:\/\/wallonie.continentalrack.be\/index.php?rest_route=\/wp\/v2\/media\/437"}],"wp:attachment":[{"href":"https:\/\/wallonie.continentalrack.be\/index.php?rest_route=%2Fwp%2Fv2%2Fmedia&parent=434"}],"wp:term":[{"taxonomy":"product_brand","embeddable":true,"href":"https:\/\/wallonie.continentalrack.be\/index.php?rest_route=%2Fwp%2Fv2%2Fproduct_brand&post=434"},{"taxonomy":"product_cat","embeddable":true,"href":"https:\/\/wallonie.continentalrack.be\/index.php?rest_route=%2Fwp%2Fv2%2Fproduct_cat&post=434"},{"taxonomy":"product_tag","embeddable":true,"href":"https:\/\/wallonie.continentalrack.be\/index.php?rest_route=%2Fwp%2Fv2%2Fproduct_tag&post=434"}],"curies":[{"name":"wp","href":"https:\/\/api.w.org\/{rel}","templated":true}]}}