{"id":431,"date":"2022-09-20T14:55:12","date_gmt":"2022-09-20T14:55:12","guid":{"rendered":"https:\/\/dev.continentalrack.fr\/?post_type=product&#038;p=431"},"modified":"2023-03-01T14:48:17","modified_gmt":"2023-03-01T14:48:17","slug":"barriere-a-ecluse-et-coulissante","status":"publish","type":"product","link":"https:\/\/wallonie.continentalrack.be\/?product=barriere-a-ecluse-et-coulissante","title":{"rendered":"Barri\u00e8re \u00e9cluse et barri\u00e8re coulissante"},"content":{"rendered":"<p>La barri\u00e8re \u00e9cluse est un syst\u00e8me de protection antichute.<br \/>\nElle est la solution id\u00e9ale pour la mise en s\u00e9curit\u00e9 des plateformes.<br \/>\nElle est normalis\u00e9e, de largeur 1700 \u00e0 3000 mm.<\/p>\n<p>La barri\u00e8re coulissante convient aux ouvertures occasionnelles sur mezzanines industrielles pour le passage de palettes ou charges palettis\u00e9es.<br \/>\nElle permet de lib\u00e9rer la surface au sol en position ferm\u00e9e.<br \/>\nLa barri\u00e8re coulissante est fabriqu\u00e9e par Continental Rack, nous pouvons l&rsquo;adapter \u00e0 vos mesures<br \/>\nLargeur de 1000 \u00e0 3000 mm<\/p>\n","protected":false},"excerpt":{"rendered":"<p>La barri\u00e8re \u00e9cluse est un syst\u00e8me de protection antichute. Elle est la solution id\u00e9ale pour la mise en s\u00e9curit\u00e9 des plateformes. Elle est normalis\u00e9e, de largeur 1700 \u00e0 3000 mm. La barri\u00e8re coulissante convient aux ouvertures occasionnelles sur mezzanines industrielles pour le passage de palettes ou charges palettis\u00e9es. Elle permet de lib\u00e9rer la surface au [&hellip;]<\/p>\n","protected":false},"featured_media":433,"comment_status":"open","ping_status":"closed","template":"","meta":{"_acf_changed":false,"_et_pb_use_builder":"","_et_pb_old_content":"","_et_gb_content_width":""},"product_brand":[],"product_cat":[33,28,24,59],"product_tag":[],"class_list":{"0":"post-431","1":"product","2":"type-product","3":"status-publish","4":"has-post-thumbnail","6":"product_cat-divers","7":"product_cat-plateforme-sur-mesures","8":"product_cat-securiser","9":"product_cat-star","11":"first","12":"instock","13":"shipping-taxable","14":"product-type-simple"},"acf":[],"_links":{"self":[{"href":"https:\/\/wallonie.continentalrack.be\/index.php?rest_route=\/wp\/v2\/product\/431","targetHints":{"allow":["GET"]}}],"collection":[{"href":"https:\/\/wallonie.continentalrack.be\/index.php?rest_route=\/wp\/v2\/product"}],"about":[{"href":"https:\/\/wallonie.continentalrack.be\/index.php?rest_route=\/wp\/v2\/types\/product"}],"replies":[{"embeddable":true,"href":"https:\/\/wallonie.continentalrack.be\/index.php?rest_route=%2Fwp%2Fv2%2Fcomments&post=431"}],"wp:featuredmedia":[{"embeddable":true,"href":"https:\/\/wallonie.continentalrack.be\/index.php?rest_route=\/wp\/v2\/media\/433"}],"wp:attachment":[{"href":"https:\/\/wallonie.continentalrack.be\/index.php?rest_route=%2Fwp%2Fv2%2Fmedia&parent=431"}],"wp:term":[{"taxonomy":"product_brand","embeddable":true,"href":"https:\/\/wallonie.continentalrack.be\/index.php?rest_route=%2Fwp%2Fv2%2Fproduct_brand&post=431"},{"taxonomy":"product_cat","embeddable":true,"href":"https:\/\/wallonie.continentalrack.be\/index.php?rest_route=%2Fwp%2Fv2%2Fproduct_cat&post=431"},{"taxonomy":"product_tag","embeddable":true,"href":"https:\/\/wallonie.continentalrack.be\/index.php?rest_route=%2Fwp%2Fv2%2Fproduct_tag&post=431"}],"curies":[{"name":"wp","href":"https:\/\/api.w.org\/{rel}","templated":true}]}}