{"id":426,"date":"2022-09-20T14:52:51","date_gmt":"2022-09-20T14:52:51","guid":{"rendered":"https:\/\/dev.continentalrack.fr\/?post_type=product&#038;p=426"},"modified":"2023-03-03T12:32:50","modified_gmt":"2023-03-03T12:32:50","slug":"escalier","status":"publish","type":"product","link":"https:\/\/wallonie.continentalrack.be\/?product=escalier","title":{"rendered":"Escalier"},"content":{"rendered":"<p>Continental Rack fabrique lui-m\u00eame ses escaliers m\u00e9talliques afin de r\u00e9pondre \u00e0 toutes les demandes de ses clients<br \/>\nNous fabriquons des escaliers m\u00e9talliques droits avec limons soud\u00e9s. Possibilit\u00e9 d&rsquo;int\u00e9grer des paliers interm\u00e9diaires ou des paliers d&rsquo;arriv\u00e9e.<br \/>\n3 configurations d&rsquo;escalier:<br \/>\n&#8211; Escalier droit : le plus simple et le plus \u00e9conomique<br \/>\n&#8211; Escalier quart tournant : il s&rsquo;agit d&rsquo;un escalier en 2 parties<br \/>\n&#8211; Escalier h\u00e9loco\u00efdal : permet d&rsquo;installer un escalier sur une surface r\u00e9duite.<\/p>\n","protected":false},"excerpt":{"rendered":"<p><strong>Les marches<\/strong><br \/>\nEn m\u00e9tal antid\u00e9rapant<br \/>\nGalvanis\u00e9<br \/>\nDiff\u00e9rentes largeurs 700 \/ 800 \/ 1000 \/ 1200 \/ 1500 mm<br \/>\nOptions possibles : Marches en bois sur commande &#8211; nez de marche anti-d\u00e9rapant<\/p>\n<p><strong>Les paliers<\/strong><br \/>\n\u00c0 la hauteur souhait\u00e9e par le client<br \/>\nDimensions sur mesure<\/p>\n<p><strong>L&rsquo;inclinaison<\/strong><br \/>\n38\u00b0 ou 45\u00b0<\/p>\n","protected":false},"featured_media":430,"comment_status":"open","ping_status":"closed","template":"","meta":{"_acf_changed":false,"_et_pb_use_builder":"","_et_pb_old_content":"","_et_gb_content_width":""},"product_brand":[],"product_cat":[33,28,59],"product_tag":[],"class_list":{"0":"post-426","1":"product","2":"type-product","3":"status-publish","4":"has-post-thumbnail","6":"product_cat-divers","7":"product_cat-plateforme-sur-mesures","8":"product_cat-star","10":"first","11":"instock","12":"shipping-taxable","13":"product-type-simple"},"acf":[],"_links":{"self":[{"href":"https:\/\/wallonie.continentalrack.be\/index.php?rest_route=\/wp\/v2\/product\/426","targetHints":{"allow":["GET"]}}],"collection":[{"href":"https:\/\/wallonie.continentalrack.be\/index.php?rest_route=\/wp\/v2\/product"}],"about":[{"href":"https:\/\/wallonie.continentalrack.be\/index.php?rest_route=\/wp\/v2\/types\/product"}],"replies":[{"embeddable":true,"href":"https:\/\/wallonie.continentalrack.be\/index.php?rest_route=%2Fwp%2Fv2%2Fcomments&post=426"}],"wp:featuredmedia":[{"embeddable":true,"href":"https:\/\/wallonie.continentalrack.be\/index.php?rest_route=\/wp\/v2\/media\/430"}],"wp:attachment":[{"href":"https:\/\/wallonie.continentalrack.be\/index.php?rest_route=%2Fwp%2Fv2%2Fmedia&parent=426"}],"wp:term":[{"taxonomy":"product_brand","embeddable":true,"href":"https:\/\/wallonie.continentalrack.be\/index.php?rest_route=%2Fwp%2Fv2%2Fproduct_brand&post=426"},{"taxonomy":"product_cat","embeddable":true,"href":"https:\/\/wallonie.continentalrack.be\/index.php?rest_route=%2Fwp%2Fv2%2Fproduct_cat&post=426"},{"taxonomy":"product_tag","embeddable":true,"href":"https:\/\/wallonie.continentalrack.be\/index.php?rest_route=%2Fwp%2Fv2%2Fproduct_tag&post=426"}],"curies":[{"name":"wp","href":"https:\/\/api.w.org\/{rel}","templated":true}]}}