{"id":417,"date":"2022-09-20T14:49:03","date_gmt":"2022-09-20T14:49:03","guid":{"rendered":"https:\/\/dev.continentalrack.fr\/?post_type=product&#038;p=417"},"modified":"2023-03-03T12:40:59","modified_gmt":"2023-03-03T12:40:59","slug":"comptoir-bois","status":"publish","type":"product","link":"https:\/\/wallonie.continentalrack.be\/?product=comptoir-bois","title":{"rendered":"Comptoir bois"},"content":{"rendered":"<p>Fabriqu\u00e9 \u00e0 vos mesures, les comptoirs Continental Rack doivent r\u00e9pondre \u00e0 vos besoins. Ils sont pr\u00e9-assembl\u00e9s en usine afin de v\u00e9rifier lors du montage sur place que le monteur ou vous-m\u00eame n\u2019ayez aucun probl\u00e8me. Les prix de nos comptoirs sont tr\u00e8s comp\u00e9titifs.<\/p>\n<p>Le comptoir bois tout comme le rayonnage bois rappelle la nature et le terroir, il facilite la pr\u00e9sentation de produits traditionnels, de produits bio. Le rayonnage bois est chaleureux, il procure une sensation de douceur et de bien-\u00eatre<\/p>\n<p>Nous pouvons par soucis de facilit\u00e9 de nettoyage ou d\u2019aspect, vernir ou teinter l\u2019ensemble des rayonnages.<\/p>\n","protected":false},"excerpt":{"rendered":"<ul>\n<li>Dessus en m\u00e9lamin\u00e9, \u00e9paisseur 38 mm, coloris \u00e0 votre choix<\/li>\n<li>C\u00f4t\u00e9s en m\u00e9lamin\u00e9, \u00e9paisseur 22 mm, coloris \u00e0 votre choix<\/li>\n<li>Tiroirs en bois massif, \u00e9paisseur 18 mm, coloris standard, hauteur et largeur \u00e0 votre choix, quantit\u00e9 de 2 \u00e0 4 selon les comptoirs \u2013 plus si vous le d\u00e9sirez<\/li>\n<li>Portes en bois massif, \u00e9paisseur 18 mm, coloris standard, hauteur et largeur \u00e0 votre choix, quantit\u00e9 de 1 \u00e0 2 selon les comptoirs, type battante<\/li>\n<\/ul>\n","protected":false},"featured_media":419,"comment_status":"open","ping_status":"closed","template":"","meta":{"_acf_changed":false,"_et_pb_use_builder":"","_et_pb_old_content":"","_et_gb_content_width":""},"product_brand":[],"product_cat":[17,60,29],"product_tag":[],"class_list":{"0":"post-417","1":"product","2":"type-product","3":"status-publish","4":"has-post-thumbnail","6":"product_cat-agencer-une-surface-de-vente","7":"product_cat-autre","8":"product_cat-rayonnages-bois","10":"first","11":"instock","12":"shipping-taxable","13":"product-type-simple"},"acf":[],"_links":{"self":[{"href":"https:\/\/wallonie.continentalrack.be\/index.php?rest_route=\/wp\/v2\/product\/417","targetHints":{"allow":["GET"]}}],"collection":[{"href":"https:\/\/wallonie.continentalrack.be\/index.php?rest_route=\/wp\/v2\/product"}],"about":[{"href":"https:\/\/wallonie.continentalrack.be\/index.php?rest_route=\/wp\/v2\/types\/product"}],"replies":[{"embeddable":true,"href":"https:\/\/wallonie.continentalrack.be\/index.php?rest_route=%2Fwp%2Fv2%2Fcomments&post=417"}],"wp:featuredmedia":[{"embeddable":true,"href":"https:\/\/wallonie.continentalrack.be\/index.php?rest_route=\/wp\/v2\/media\/419"}],"wp:attachment":[{"href":"https:\/\/wallonie.continentalrack.be\/index.php?rest_route=%2Fwp%2Fv2%2Fmedia&parent=417"}],"wp:term":[{"taxonomy":"product_brand","embeddable":true,"href":"https:\/\/wallonie.continentalrack.be\/index.php?rest_route=%2Fwp%2Fv2%2Fproduct_brand&post=417"},{"taxonomy":"product_cat","embeddable":true,"href":"https:\/\/wallonie.continentalrack.be\/index.php?rest_route=%2Fwp%2Fv2%2Fproduct_cat&post=417"},{"taxonomy":"product_tag","embeddable":true,"href":"https:\/\/wallonie.continentalrack.be\/index.php?rest_route=%2Fwp%2Fv2%2Fproduct_tag&post=417"}],"curies":[{"name":"wp","href":"https:\/\/api.w.org\/{rel}","templated":true}]}}