{"id":413,"date":"2022-09-20T14:44:12","date_gmt":"2022-09-20T14:44:12","guid":{"rendered":"https:\/\/dev.continentalrack.fr\/?post_type=product&#038;p=413"},"modified":"2023-03-03T13:22:46","modified_gmt":"2023-03-03T13:22:46","slug":"armoires-metal","status":"publish","type":"product","link":"https:\/\/wallonie.continentalrack.be\/?product=armoires-metal","title":{"rendered":"Armoire m\u00e9tallique"},"content":{"rendered":"<p>Les armoires m\u00e9talliques pr\u00e9sentent des formes tr\u00e8s diverses pour s&rsquo;adapter \u00e0 chaque profession et \u00e0 chaque besoin.<br \/>\nLeur r\u00f4le est de permettre un rangement efficace et pratique des outils de travail, de fournitures, voire de produits sensibles et dangereux.<\/p>\n","protected":false},"excerpt":{"rendered":"<p>Les armoires m\u00e9talliques pr\u00e9sentent des formes tr\u00e8s diverses pour s&rsquo;adapter \u00e0 chaque profession et \u00e0 chaque besoin. Leur r\u00f4le est de permettre un rangement efficace et pratique des outils de travail, de fournitures, voire de produits sensibles et dangereux.<\/p>\n","protected":false},"featured_media":414,"comment_status":"open","ping_status":"closed","template":"","meta":{"_acf_changed":false,"_et_pb_use_builder":"","_et_pb_old_content":"","_et_gb_content_width":""},"product_brand":[],"product_cat":[60,33,24],"product_tag":[],"class_list":{"0":"post-413","1":"product","2":"type-product","3":"status-publish","4":"has-post-thumbnail","6":"product_cat-autre","7":"product_cat-divers","8":"product_cat-securiser","10":"first","11":"instock","12":"shipping-taxable","13":"product-type-simple"},"acf":[],"_links":{"self":[{"href":"https:\/\/wallonie.continentalrack.be\/index.php?rest_route=\/wp\/v2\/product\/413","targetHints":{"allow":["GET"]}}],"collection":[{"href":"https:\/\/wallonie.continentalrack.be\/index.php?rest_route=\/wp\/v2\/product"}],"about":[{"href":"https:\/\/wallonie.continentalrack.be\/index.php?rest_route=\/wp\/v2\/types\/product"}],"replies":[{"embeddable":true,"href":"https:\/\/wallonie.continentalrack.be\/index.php?rest_route=%2Fwp%2Fv2%2Fcomments&post=413"}],"wp:featuredmedia":[{"embeddable":true,"href":"https:\/\/wallonie.continentalrack.be\/index.php?rest_route=\/wp\/v2\/media\/414"}],"wp:attachment":[{"href":"https:\/\/wallonie.continentalrack.be\/index.php?rest_route=%2Fwp%2Fv2%2Fmedia&parent=413"}],"wp:term":[{"taxonomy":"product_brand","embeddable":true,"href":"https:\/\/wallonie.continentalrack.be\/index.php?rest_route=%2Fwp%2Fv2%2Fproduct_brand&post=413"},{"taxonomy":"product_cat","embeddable":true,"href":"https:\/\/wallonie.continentalrack.be\/index.php?rest_route=%2Fwp%2Fv2%2Fproduct_cat&post=413"},{"taxonomy":"product_tag","embeddable":true,"href":"https:\/\/wallonie.continentalrack.be\/index.php?rest_route=%2Fwp%2Fv2%2Fproduct_tag&post=413"}],"curies":[{"name":"wp","href":"https:\/\/api.w.org\/{rel}","templated":true}]}}