{"id":397,"date":"2022-09-20T14:33:24","date_gmt":"2022-09-20T14:33:24","guid":{"rendered":"https:\/\/dev.continentalrack.fr\/?post_type=product&#038;p=397"},"modified":"2023-03-03T14:22:04","modified_gmt":"2023-03-03T14:22:04","slug":"cantilever","status":"publish","type":"product","link":"https:\/\/wallonie.continentalrack.be\/?product=cantilever","title":{"rendered":"Cantilever"},"content":{"rendered":"<p>Les cantilevers sont des r\u00e2teliers r\u00e9glables, constitu\u00e9s de structures sp\u00e9cifiques pour le stockage horizontal de produits m\u00e9tallurgiques. Ce type de stockage a \u00e9t\u00e9 con\u00e7u pour faciliter l\u2019accessibilit\u00e9 et l\u2019entreposage, tenant compte des longueurs et poids particuliers des marchandises. Il existe des cantilevers pour diff\u00e9rentes charges : l\u00e9g\u00e8res, semi lourdes, lourdes. Le cantilever peut \u00eatre install\u00e9 en simple ou double face.<br \/>\nL\u2019avantage de ce type de rayonnage est d\u2019acc\u00e9der facilement \u00e0 tous les produits et de les ranger par types, cat\u00e9gories, longueurs, \u2026<\/p>\n<p><strong>Type d\u2019utilisation :<\/strong><\/p>\n<ul>\n<li>T\u00f4les<\/li>\n<li>Profil\u00e9s acier, bois, plastique, aluminium, \u2026<\/li>\n<li>Tubes<\/li>\n<li>Panneaux de particules Bois<\/li>\n<li>Bois \u2013 en st\u00e8res, en planches, en bastaings, \u2026.<\/li>\n<li>etc&#8230;<\/li>\n<\/ul>\n","protected":false},"excerpt":{"rendered":"<p><strong>L\u00e9ger<\/strong><br \/>\n<span style=\"text-decoration: underline;\">Les colonnes<\/span><br \/>\nHauteur : 1750 \u00e0 3000 mm \/ perfor\u00e9e au pas de 100 mm<br \/>\nCapacit\u00e9 de charge : 700 \u00e0 1400 kg par colonne en simple face, 1400 \u00e0 1780 kg par colonne en double face<br \/>\n<span style=\"text-decoration: underline;\">Les bras<\/span><br \/>\nProfondeurs : 300 \/ 400 \/ 500 \/ 600 \/ 700 \/ 800 mm<br \/>\nCapacit\u00e9 de charge : 90 \u2013 540 kg \/ bras (selon la longueur et le type de bras)<br \/>\n<span style=\"text-decoration: underline;\">Les contreventements<\/span><br \/>\nLongueur : 500 \/ 750 \/ 1000 \/ 1250 \/ 1500mm<\/p>\n<p><strong>Le mi-lourd<\/strong><br \/>\n<span style=\"text-decoration: underline;\">Les colonnes<\/span><br \/>\nHauteur : 2500 \u00e0 4500 mm \/ perfor\u00e9e au pas de 100 mm<br \/>\nCapacit\u00e9 de charge : 1350 \u2013 2200 kg par colonne en simple face, 2700 \u00e0 4400 kg par colonne en double face<br \/>\n<span style=\"text-decoration: underline;\">Les bras<\/span><br \/>\nProfondeurs : 300 \/ 400 \/ 500 \/ 600 \/ 700 \/ 800 \/ 1000 \/ 1200 mm<br \/>\nCapacit\u00e9 de charge : 200 \u2013 600kg \/ bras (selon la longueur et le type de bras)<br \/>\n<span style=\"text-decoration: underline;\">Les contreventements<\/span><br \/>\nLongueur : 500 \/ 750 \/ 1000 \/ 1250 \/ 1500 mm<\/p>\n<p><strong>Le lourd sur devis<\/strong><br \/>\nLes colonnes jusqu\u2019\u00e0 6000 mm \/ perfor\u00e9e au pas de 75mm<br \/>\nLes bras jusqu\u2019\u00e0 1200 mm de profondeur<\/p>\n","protected":false},"featured_media":400,"comment_status":"open","ping_status":"closed","template":"","meta":{"_acf_changed":false,"_et_pb_use_builder":"","_et_pb_old_content":"","_et_gb_content_width":""},"product_brand":[],"product_cat":[18,34,59,20,23,45],"product_tag":[],"class_list":{"0":"post-397","1":"product","2":"type-product","3":"status-publish","4":"has-post-thumbnail","6":"product_cat-amenager-une-surface-de-stockage","7":"product_cat-rayonnages-grandes-longueurs","8":"product_cat-star","9":"product_cat-stockage-de-cartons","10":"product_cat-stockage-de-grandes-longueurs","11":"product_cat-stocker","13":"first","14":"instock","15":"shipping-taxable","16":"product-type-simple"},"acf":[],"_links":{"self":[{"href":"https:\/\/wallonie.continentalrack.be\/index.php?rest_route=\/wp\/v2\/product\/397","targetHints":{"allow":["GET"]}}],"collection":[{"href":"https:\/\/wallonie.continentalrack.be\/index.php?rest_route=\/wp\/v2\/product"}],"about":[{"href":"https:\/\/wallonie.continentalrack.be\/index.php?rest_route=\/wp\/v2\/types\/product"}],"replies":[{"embeddable":true,"href":"https:\/\/wallonie.continentalrack.be\/index.php?rest_route=%2Fwp%2Fv2%2Fcomments&post=397"}],"wp:featuredmedia":[{"embeddable":true,"href":"https:\/\/wallonie.continentalrack.be\/index.php?rest_route=\/wp\/v2\/media\/400"}],"wp:attachment":[{"href":"https:\/\/wallonie.continentalrack.be\/index.php?rest_route=%2Fwp%2Fv2%2Fmedia&parent=397"}],"wp:term":[{"taxonomy":"product_brand","embeddable":true,"href":"https:\/\/wallonie.continentalrack.be\/index.php?rest_route=%2Fwp%2Fv2%2Fproduct_brand&post=397"},{"taxonomy":"product_cat","embeddable":true,"href":"https:\/\/wallonie.continentalrack.be\/index.php?rest_route=%2Fwp%2Fv2%2Fproduct_cat&post=397"},{"taxonomy":"product_tag","embeddable":true,"href":"https:\/\/wallonie.continentalrack.be\/index.php?rest_route=%2Fwp%2Fv2%2Fproduct_tag&post=397"}],"curies":[{"name":"wp","href":"https:\/\/api.w.org\/{rel}","templated":true}]}}