{"id":390,"date":"2022-09-20T14:01:52","date_gmt":"2022-09-20T14:01:52","guid":{"rendered":"https:\/\/dev.continentalrack.fr\/?post_type=product&#038;p=390"},"modified":"2022-10-07T12:53:46","modified_gmt":"2022-10-07T12:53:46","slug":"gondole","status":"publish","type":"product","link":"https:\/\/wallonie.continentalrack.be\/?product=gondole","title":{"rendered":"Gondole"},"content":{"rendered":"<p>La gondole commercialis\u00e9e par Continental Rack a la particularit\u00e9 de s\u2019adapter \u00e0 tous les secteurs.<br \/>\nNotre syst\u00e8me permet de r\u00e9pondre \u00e0 tous vos besoins \u2013 L\u2019avantage de notre syst\u00e8me est d\u2019avoir des tablettes de 1450 mm \u2013 ce qui diminue le nombre de montants et le nombre de tablettes lors d\u2019une implantation. Ce qui diminue le co\u00fbt de vos investissements.<\/p>\n","protected":false},"excerpt":{"rendered":"<p><strong>Les montants \u2013 Ral Bleu<\/strong><br \/>\nHauteur des montants : 1500 \/ 1600 \/ 1700 \/ 1800 \/ 1900 \/ 2000 \/ 2100 \/ 2200 \/ 2300 \/ 2400 \/ 2500 \/ 3000 mm<br \/>\nPerforation standard : Au pas 50 mm<\/p>\n<p><strong>Les tablettes \u2013 RAL Blanc<\/strong><br \/>\nCapacit\u00e9 de charge adapt\u00e9e \u00e0 la charge demand\u00e9e par le client<br \/>\nProfondeur standard : 200 \/ 300 \/ 350\/ 400 \/ 450 \/ 500 \/ 600 mm<br \/>\nLargeur standard : 800 \/ 900 \/ 1000 \/ 1100 \/ 1200 \/ 1300 \/ 1400 \/ 1450 mm<\/p>\n","protected":false},"featured_media":391,"comment_status":"open","ping_status":"closed","template":"","meta":{"_acf_changed":false,"_et_pb_use_builder":"","_et_pb_old_content":"","_et_gb_content_width":""},"product_brand":[],"product_cat":[17,60,35],"product_tag":[],"class_list":{"0":"post-390","1":"product","2":"type-product","3":"status-publish","4":"has-post-thumbnail","6":"product_cat-agencer-une-surface-de-vente","7":"product_cat-autre","8":"product_cat-gondoles","10":"first","11":"instock","12":"shipping-taxable","13":"product-type-simple"},"acf":[],"_links":{"self":[{"href":"https:\/\/wallonie.continentalrack.be\/index.php?rest_route=\/wp\/v2\/product\/390","targetHints":{"allow":["GET"]}}],"collection":[{"href":"https:\/\/wallonie.continentalrack.be\/index.php?rest_route=\/wp\/v2\/product"}],"about":[{"href":"https:\/\/wallonie.continentalrack.be\/index.php?rest_route=\/wp\/v2\/types\/product"}],"replies":[{"embeddable":true,"href":"https:\/\/wallonie.continentalrack.be\/index.php?rest_route=%2Fwp%2Fv2%2Fcomments&post=390"}],"wp:featuredmedia":[{"embeddable":true,"href":"https:\/\/wallonie.continentalrack.be\/index.php?rest_route=\/wp\/v2\/media\/391"}],"wp:attachment":[{"href":"https:\/\/wallonie.continentalrack.be\/index.php?rest_route=%2Fwp%2Fv2%2Fmedia&parent=390"}],"wp:term":[{"taxonomy":"product_brand","embeddable":true,"href":"https:\/\/wallonie.continentalrack.be\/index.php?rest_route=%2Fwp%2Fv2%2Fproduct_brand&post=390"},{"taxonomy":"product_cat","embeddable":true,"href":"https:\/\/wallonie.continentalrack.be\/index.php?rest_route=%2Fwp%2Fv2%2Fproduct_cat&post=390"},{"taxonomy":"product_tag","embeddable":true,"href":"https:\/\/wallonie.continentalrack.be\/index.php?rest_route=%2Fwp%2Fv2%2Fproduct_tag&post=390"}],"curies":[{"name":"wp","href":"https:\/\/api.w.org\/{rel}","templated":true}]}}