{"id":366,"date":"2022-09-20T13:55:51","date_gmt":"2022-09-20T13:55:51","guid":{"rendered":"https:\/\/dev.continentalrack.fr\/?post_type=product&#038;p=366"},"modified":"2022-10-07T13:01:36","modified_gmt":"2022-10-07T13:01:36","slug":"rayonnages-a-palettes","status":"publish","type":"product","link":"https:\/\/wallonie.continentalrack.be\/?product=rayonnages-a-palettes","title":{"rendered":"Rayonnages \u00e0 palettes"},"content":{"rendered":"<p>La solution standard pour les rayonnages \u00e0 palettes consiste en une configuration \u00e0 all\u00e9es larges. En g\u00e9n\u00e9ral, ces rayonnages sont desservis par chariot \u00e9l\u00e9vateur frontal, chariot \u00e9l\u00e9vateur \u00e0 m\u00e2t r\u00e9tractable et \u00e0 fourche t\u00e9lescopique ou par pr\u00e9parateur de commandes \u00e0 plateforme mobile. Les solutions avec rayonnages \u00e0 palettes en configuration \u00e0 all\u00e9es \u00e9troites sont g\u00e9n\u00e9ralement desservies par engins de manutention sur rails de guidage ou voies inductives. La rapidit\u00e9 et la simplicit\u00e9 du montage ainsi que le principe d&rsquo;assemblage permettent une grande flexibilit\u00e9 dans la modification et une grande rigidit\u00e9 dans la stabilit\u00e9 de l&rsquo;ensemble.<\/p>\n<p>Nous pouvons \u00e9quiper soit \u00e0 chaque niveau des bacs de r\u00e9tention soit sous le rayonnage pour les produits n\u00e9cessitant cette protection.<br \/>\nNous pouvons gr\u00e2ce \u00e0 sa solidit\u00e9 pr\u00e9voir des mezzanines sur ce type de rayonnage, on \u00e9vite \u00e0 ce moment-l\u00e0 le co\u00fbt de la structure, ce qui est avantageux au niveau p\u00e9cuniaire et permet de rentabiliser au maximum chaque m\u00b2.<br \/>\nNous utilisons un logiciel qui permet de v\u00e9rifier et d&rsquo;optimiser au maximum les types d&rsquo;\u00e9chelles et de lisses selon les port\u00e9es et entraxe entre niveaux de palettisation.<\/p>\n","protected":false},"excerpt":{"rendered":"<p><strong>Les \u00e9chelles \u2013 RAL bleu 5003<\/strong><br \/>\nHauteur des \u00e9chelles standards : 3000 et 4000 mm<br \/>\nHauteurs possible sur commande : de 3000 \u00e0 12000 mm<br \/>\nProfondeur standard : 1100 mm<br \/>\nAutres profondeurs : 700 \/ 800 \/ 900 \/ 1000 \/ 1200 mm<br \/>\nPerforation standard : Au pas de 50 mm<br \/>\nCharge admissible : de 7500 Kg \u00e0 plus de 20 000 Kg \u2013 selon espacement entre les niveaux<\/p>\n<p><strong>Les niveaux \u2013 RAL Orange 2004<\/strong><br \/>\nLisse standard : 2700 mm<br \/>\nCapacit\u00e9 de charge : 2000 et 3000 kg<br \/>\nAutres dimensions de lisses : 950 \/ 1150 \/ 1350 \/ 1500 \/ 1800 \/ 1850 \/ 2250 \/ 2400 \/ 2700 \/ 3300 \/ 3600 \/ 3900 mm<br \/>\nCapacit\u00e9 de charge sur commande : de 750 \u00e0 5000 kg \/ par niveau \u2013 charge uniform\u00e9ment r\u00e9partie<\/p>\n","protected":false},"featured_media":375,"comment_status":"open","ping_status":"closed","template":"","meta":{"_acf_changed":false,"_et_pb_use_builder":"","_et_pb_old_content":"","_et_gb_content_width":""},"product_brand":[],"product_cat":[18,31,59,20,19,45],"product_tag":[],"class_list":{"0":"post-366","1":"product","2":"type-product","3":"status-publish","4":"has-post-thumbnail","6":"product_cat-amenager-une-surface-de-stockage","7":"product_cat-rayonnages-a-palettes","8":"product_cat-star","9":"product_cat-stockage-de-cartons","10":"product_cat-stockage-de-palettes","11":"product_cat-stocker","13":"first","14":"instock","15":"shipping-taxable","16":"product-type-simple"},"acf":[],"_links":{"self":[{"href":"https:\/\/wallonie.continentalrack.be\/index.php?rest_route=\/wp\/v2\/product\/366","targetHints":{"allow":["GET"]}}],"collection":[{"href":"https:\/\/wallonie.continentalrack.be\/index.php?rest_route=\/wp\/v2\/product"}],"about":[{"href":"https:\/\/wallonie.continentalrack.be\/index.php?rest_route=\/wp\/v2\/types\/product"}],"replies":[{"embeddable":true,"href":"https:\/\/wallonie.continentalrack.be\/index.php?rest_route=%2Fwp%2Fv2%2Fcomments&post=366"}],"wp:featuredmedia":[{"embeddable":true,"href":"https:\/\/wallonie.continentalrack.be\/index.php?rest_route=\/wp\/v2\/media\/375"}],"wp:attachment":[{"href":"https:\/\/wallonie.continentalrack.be\/index.php?rest_route=%2Fwp%2Fv2%2Fmedia&parent=366"}],"wp:term":[{"taxonomy":"product_brand","embeddable":true,"href":"https:\/\/wallonie.continentalrack.be\/index.php?rest_route=%2Fwp%2Fv2%2Fproduct_brand&post=366"},{"taxonomy":"product_cat","embeddable":true,"href":"https:\/\/wallonie.continentalrack.be\/index.php?rest_route=%2Fwp%2Fv2%2Fproduct_cat&post=366"},{"taxonomy":"product_tag","embeddable":true,"href":"https:\/\/wallonie.continentalrack.be\/index.php?rest_route=%2Fwp%2Fv2%2Fproduct_tag&post=366"}],"curies":[{"name":"wp","href":"https:\/\/api.w.org\/{rel}","templated":true}]}}