{"id":340,"date":"2022-09-20T13:41:18","date_gmt":"2022-09-20T13:41:18","guid":{"rendered":"https:\/\/dev.continentalrack.fr\/?post_type=product&#038;p=340"},"modified":"2022-10-07T13:01:44","modified_gmt":"2022-10-07T13:01:44","slug":"rayonnages-galvanises-pour-agencement","status":"publish","type":"product","link":"https:\/\/wallonie.continentalrack.be\/?product=rayonnages-galvanises-pour-agencement","title":{"rendered":"Rayonnages galvanis\u00e9s pour agencement"},"content":{"rendered":"<p>L\u2019utilisation d\u2019acier galvanis\u00e9 garantit l\u2019inalt\u00e9rabilit\u00e9 du produit dans le temps. La conception de la structure permet l\u2019int\u00e9gration de s\u00e9parateurs et de bacs modulaires pouvant apporter une solution au stockage de produits en vrac. Notre exp\u00e9rience nous a donn\u00e9 le moyen d\u2019utiliser un produit tr\u00e8s technique et tr\u00e8s performant permettant de r\u00e9soudre la probl\u00e9matique du stockage, \u00e0 savoir la rapidit\u00e9 de montage, la stabilit\u00e9, la capacit\u00e9 et le prix.<\/p>\n","protected":false},"excerpt":{"rendered":"<p><strong>Les montants :<\/strong><br \/>\nHauteur des montants standards : 2000 \/ 2500 \/ 3000<br \/>\nHauteurs possible sur commande Jusqu\u2019\u00e0 6000 mm<br \/>\nPerforation standard au pas de 33 mm<br \/>\nCharge admissible : 1400 X 4200 Kg selon mod\u00e8le<\/p>\n<p><strong>Les tablettes :<\/strong><br \/>\nCapacit\u00e9 de charge standard \u00e0 partir de 185 kg \/ tablette uniform\u00e9ment r\u00e9partie<br \/>\nCapacit\u00e9 de charge sur commande : 150-530 kg \/ tablette uniform\u00e9ment r\u00e9partie<br \/>\nProfondeurs standard : 320 \/ 400 \/ 500 \/ 600 \/ 800 mm<br \/>\nProfondeur sur commande : 700 mm<br \/>\nLongueurs standard : 900 \/ 1200 \/ 1500 mm<br \/>\nAutres Longueurs sur commande : 1050 \/ 1350 \/1650\/ 1800 mm<\/p>\n","protected":false},"featured_media":353,"comment_status":"open","ping_status":"closed","template":"","meta":{"_acf_changed":false,"_et_pb_use_builder":"","_et_pb_old_content":"","_et_gb_content_width":""},"product_brand":[],"product_cat":[17,30,59,21,45],"product_tag":[],"class_list":{"0":"post-340","1":"product","2":"type-product","3":"status-publish","4":"has-post-thumbnail","6":"product_cat-agencer-une-surface-de-vente","7":"product_cat-rayonnages-galvanises","8":"product_cat-star","9":"product_cat-stockage-de-petites-pieces","10":"product_cat-stocker","12":"first","13":"instock","14":"shipping-taxable","15":"product-type-simple"},"acf":[],"_links":{"self":[{"href":"https:\/\/wallonie.continentalrack.be\/index.php?rest_route=\/wp\/v2\/product\/340","targetHints":{"allow":["GET"]}}],"collection":[{"href":"https:\/\/wallonie.continentalrack.be\/index.php?rest_route=\/wp\/v2\/product"}],"about":[{"href":"https:\/\/wallonie.continentalrack.be\/index.php?rest_route=\/wp\/v2\/types\/product"}],"replies":[{"embeddable":true,"href":"https:\/\/wallonie.continentalrack.be\/index.php?rest_route=%2Fwp%2Fv2%2Fcomments&post=340"}],"wp:featuredmedia":[{"embeddable":true,"href":"https:\/\/wallonie.continentalrack.be\/index.php?rest_route=\/wp\/v2\/media\/353"}],"wp:attachment":[{"href":"https:\/\/wallonie.continentalrack.be\/index.php?rest_route=%2Fwp%2Fv2%2Fmedia&parent=340"}],"wp:term":[{"taxonomy":"product_brand","embeddable":true,"href":"https:\/\/wallonie.continentalrack.be\/index.php?rest_route=%2Fwp%2Fv2%2Fproduct_brand&post=340"},{"taxonomy":"product_cat","embeddable":true,"href":"https:\/\/wallonie.continentalrack.be\/index.php?rest_route=%2Fwp%2Fv2%2Fproduct_cat&post=340"},{"taxonomy":"product_tag","embeddable":true,"href":"https:\/\/wallonie.continentalrack.be\/index.php?rest_route=%2Fwp%2Fv2%2Fproduct_tag&post=340"}],"curies":[{"name":"wp","href":"https:\/\/api.w.org\/{rel}","templated":true}]}}