{"id":303,"date":"2022-09-20T13:29:41","date_gmt":"2022-09-20T13:29:41","guid":{"rendered":"https:\/\/dev.continentalrack.fr\/?post_type=product&#038;p=303"},"modified":"2023-02-16T15:12:41","modified_gmt":"2023-02-16T15:12:41","slug":"rayonnages-bois","status":"publish","type":"product","link":"https:\/\/wallonie.continentalrack.be\/?product=rayonnages-bois","title":{"rendered":"Rayonnages bois"},"content":{"rendered":"<p>Le rayonnage en bois, fabriqu\u00e9 par Continental Rack, est con\u00e7u pour le stockage d&rsquo;archives, pour le stockage de pi\u00e8ces l\u00e9g\u00e8res et pour l&rsquo;agencement de magasins. Les panneaux sont constitu\u00e9s de lattes en \u00e9pic\u00e9a massif, pin du nord de l&rsquo;Europe. Les panneaux font l&rsquo;objet d&rsquo;une finition parfaite dans notre usine, afin qu&rsquo;ils puissent \u00eatre trait\u00e9s de mani\u00e8re optimale. Les tablettes peuvent \u00eatre laqu\u00e9s, vernis ou teint\u00e9es.<\/p>\n<p>Le rayonnage bois rappelle la nature et le terroir, il facilite la pr\u00e9sentation de produits traditionnels, de produits bio. Le rayonnage bois est chaleureux, il procure une sensation de douceur et de bien-\u00eatre. Les clients se sentent bien dans un magasin avec un tel agencement.<br \/>\nNous pouvons par soucis de faciliter de nettoyage ou d&rsquo;aspect, vernir ou teinter l&rsquo;ensemble des rayonnages.<\/p>\n","protected":false},"excerpt":{"rendered":"<p>Les tablettes en bois massif :<br \/>\nCapacit\u00e9 de charge de charge moyenne : 100 kg \/ tablette uniform\u00e9ment r\u00e9partie<br \/>\n\u00c9paisseur : 18 mm\u00a0 + ou &#8211;\u00a0 10 %<br \/>\nPour les magasins, possibilit\u00e9 d&rsquo;avoir du 18 mm certifi\u00e9<\/p>\n<p>Tablette en Isorel + lattage :<br \/>\nCapacit\u00e9 de charge variable : 50 kg \/ tablette uniform\u00e9ment r\u00e9partie<\/p>\n<p>Profondeurs standards des tablettes<br \/>\nAutres profondeurs possibles sur mesures\u00a0\u00a0 30\/ 40 \/ 50 \/ 60 cm\u00a0sur commande uniquement<\/p>\n<p>Longueurs standards des tablettes<br \/>\nAutres longueurs possibles sur mesures\u00a0\u00a0\u00a0\u00a0\u00a0\u00a0 87 \/ 97 \/ 117 cm\u00a0sur commande uniquement<\/p>\n<p>Les \u00e9chelles et les tablettes peuvent \u00eatre vernis ou teint\u00e9es (sur devis).<\/p>\n","protected":false},"featured_media":316,"comment_status":"open","ping_status":"closed","template":"","meta":{"_acf_changed":false,"_et_pb_use_builder":"","_et_pb_old_content":"","_et_gb_content_width":""},"product_brand":[],"product_cat":[17,25,29,59,21,45],"product_tag":[],"class_list":{"0":"post-303","1":"product","2":"type-product","3":"status-publish","4":"has-post-thumbnail","6":"product_cat-agencer-une-surface-de-vente","7":"product_cat-archiver","8":"product_cat-rayonnages-bois","9":"product_cat-star","10":"product_cat-stockage-de-petites-pieces","11":"product_cat-stocker","13":"first","14":"instock","15":"shipping-taxable","16":"product-type-simple"},"acf":[],"_links":{"self":[{"href":"https:\/\/wallonie.continentalrack.be\/index.php?rest_route=\/wp\/v2\/product\/303","targetHints":{"allow":["GET"]}}],"collection":[{"href":"https:\/\/wallonie.continentalrack.be\/index.php?rest_route=\/wp\/v2\/product"}],"about":[{"href":"https:\/\/wallonie.continentalrack.be\/index.php?rest_route=\/wp\/v2\/types\/product"}],"replies":[{"embeddable":true,"href":"https:\/\/wallonie.continentalrack.be\/index.php?rest_route=%2Fwp%2Fv2%2Fcomments&post=303"}],"wp:featuredmedia":[{"embeddable":true,"href":"https:\/\/wallonie.continentalrack.be\/index.php?rest_route=\/wp\/v2\/media\/316"}],"wp:attachment":[{"href":"https:\/\/wallonie.continentalrack.be\/index.php?rest_route=%2Fwp%2Fv2%2Fmedia&parent=303"}],"wp:term":[{"taxonomy":"product_brand","embeddable":true,"href":"https:\/\/wallonie.continentalrack.be\/index.php?rest_route=%2Fwp%2Fv2%2Fproduct_brand&post=303"},{"taxonomy":"product_cat","embeddable":true,"href":"https:\/\/wallonie.continentalrack.be\/index.php?rest_route=%2Fwp%2Fv2%2Fproduct_cat&post=303"},{"taxonomy":"product_tag","embeddable":true,"href":"https:\/\/wallonie.continentalrack.be\/index.php?rest_route=%2Fwp%2Fv2%2Fproduct_tag&post=303"}],"curies":[{"name":"wp","href":"https:\/\/api.w.org\/{rel}","templated":true}]}}