{"id":284,"date":"2022-09-20T13:11:44","date_gmt":"2022-09-20T13:11:44","guid":{"rendered":"https:\/\/dev.continentalrack.fr\/?post_type=product&#038;p=284"},"modified":"2022-10-07T13:02:16","modified_gmt":"2022-10-07T13:02:16","slug":"mezzanine-sur-rayonnage-galvanises","status":"publish","type":"product","link":"https:\/\/wallonie.continentalrack.be\/?product=mezzanine-sur-rayonnage-galvanises","title":{"rendered":"Mezzanine sur rayonnage galvanis\u00e9s"},"content":{"rendered":"<p>La structure m\u00e9tallique est assur\u00e9e par des rayonnages galvanis\u00e9s, elle reste d\u00e9montable et d\u00e9pla\u00e7able.<br \/>\nL&rsquo;avantage de ce type de structure sur rayonnage galvanis\u00e9 est de pouvoir combiner le rayonnage et la mezzanine en m\u00eame temps afin de rendre vos projets moins on\u00e9reux.<\/p>\n<p>On l&rsquo;utilise pour :<\/p>\n<ul>\n<li>Bureaux<\/li>\n<li>Stockage<\/li>\n<li>Rayonnages<br \/>\n&#8230;<\/li>\n<\/ul>\n<p>Nous essayons de prendre en consid\u00e9ration les besoins r\u00e9els de nos clients afin de perdre le moins de place possible et d&rsquo;optimiser au maximum.<br \/>\nNous pouvons constituer des mezzanines sur un ou plusieurs niveaux, avec des mesures standards.<\/p>\n<p>Au-dessus ou en dessous de la mezzanine, toutes les modifications au syst\u00e8me de stockage sont possibles. L&rsquo;utilisation de la surface utile de l&rsquo;entrep\u00f4t augmente ainsi de 100% ou 200 % (2 niveaux). Nous pouvons vous assurer des d\u00e9lais de livraison courts et le meilleur service \u00e0 des prix imbattables. Dans les 3 \u00e0 5 semaines apr\u00e8s la v\u00e9rification des mesures sur place, nous fournissons et assemblons votre mezzanine sur rayonnages.<\/p>\n","protected":false},"excerpt":{"rendered":"<p><strong>Plancher :<\/strong><br \/>\nPlancher en bois \u00e9paisseur 38mm &#8211; agglom\u00e9r\u00e9 sur-densifi\u00e9 690 Kg\/m\u00b2 class\u00e9 M3<br \/>\nCaillebotis ou t\u00f4le larm\u00e9e<\/p>\n<p><strong>Charge :<\/strong><br \/>\nDe 250 \u00e0 500 Kg \/ m\u00b2<\/p>\n<p><strong>Trav\u00e9es et couloirs :<\/strong><br \/>\nEn g\u00e9n\u00e9ral, les lisses sont entre 900 et 1500 mm de longueur<br \/>\nLa profondeur de 320 \u00e0 800 mm<br \/>\nLes all\u00e9es de 750 mm \u00e0 1200 mm<\/p>\n","protected":false},"featured_media":287,"comment_status":"open","ping_status":"closed","template":"","meta":{"_acf_changed":false,"_et_pb_use_builder":"","_et_pb_old_content":"","_et_gb_content_width":""},"product_brand":[],"product_cat":[18,26,28,59,20,21,45],"product_tag":[],"class_list":{"0":"post-284","1":"product","2":"type-product","3":"status-publish","4":"has-post-thumbnail","6":"product_cat-amenager-une-surface-de-stockage","7":"product_cat-gagner-des-m2","8":"product_cat-plateforme-sur-mesures","9":"product_cat-star","10":"product_cat-stockage-de-cartons","11":"product_cat-stockage-de-petites-pieces","12":"product_cat-stocker","14":"first","15":"instock","16":"shipping-taxable","17":"product-type-simple"},"acf":[],"_links":{"self":[{"href":"https:\/\/wallonie.continentalrack.be\/index.php?rest_route=\/wp\/v2\/product\/284","targetHints":{"allow":["GET"]}}],"collection":[{"href":"https:\/\/wallonie.continentalrack.be\/index.php?rest_route=\/wp\/v2\/product"}],"about":[{"href":"https:\/\/wallonie.continentalrack.be\/index.php?rest_route=\/wp\/v2\/types\/product"}],"replies":[{"embeddable":true,"href":"https:\/\/wallonie.continentalrack.be\/index.php?rest_route=%2Fwp%2Fv2%2Fcomments&post=284"}],"wp:featuredmedia":[{"embeddable":true,"href":"https:\/\/wallonie.continentalrack.be\/index.php?rest_route=\/wp\/v2\/media\/287"}],"wp:attachment":[{"href":"https:\/\/wallonie.continentalrack.be\/index.php?rest_route=%2Fwp%2Fv2%2Fmedia&parent=284"}],"wp:term":[{"taxonomy":"product_brand","embeddable":true,"href":"https:\/\/wallonie.continentalrack.be\/index.php?rest_route=%2Fwp%2Fv2%2Fproduct_brand&post=284"},{"taxonomy":"product_cat","embeddable":true,"href":"https:\/\/wallonie.continentalrack.be\/index.php?rest_route=%2Fwp%2Fv2%2Fproduct_cat&post=284"},{"taxonomy":"product_tag","embeddable":true,"href":"https:\/\/wallonie.continentalrack.be\/index.php?rest_route=%2Fwp%2Fv2%2Fproduct_tag&post=284"}],"curies":[{"name":"wp","href":"https:\/\/api.w.org\/{rel}","templated":true}]}}