{"id":12,"date":"2022-09-19T14:26:38","date_gmt":"2022-09-19T14:26:38","guid":{"rendered":"https:\/\/dev.continentalrack.fr\/?post_type=product&#038;p=12"},"modified":"2022-10-07T13:02:29","modified_gmt":"2022-10-07T13:02:29","slug":"plateforme","status":"publish","type":"product","link":"https:\/\/wallonie.continentalrack.be\/?product=plateforme","title":{"rendered":"Plateforme"},"content":{"rendered":"<p>La structure m\u00e9tallique est autoportante, d\u00e9montable et d\u00e9pla\u00e7able, elle est fabriqu\u00e9e sur mesure \u00e0 partir de profil\u00e9s \u00e0 froid d\u00e8s votre commande.<br \/>\nL&rsquo;avantage de ce type de structure ind\u00e9pendante et autoportante est de pouvoir utiliser l&rsquo;ensemble de la surface dessus comme dessous comme le client le d\u00e9sire.<\/p>\n<ul>\n<li>Bureaux<\/li>\n<li>Stockage<\/li>\n<li>Rayonnages<br \/>\n&#8230;<\/li>\n<\/ul>\n<p>Nous essayons dans la mesure du possible de mettre le moins de poteaux possibles pour laisser la plus grande libert\u00e9 de circulation.<br \/>\nAu-dessus ou en dessous de la plateforme, toutes les modifications au syst\u00e8me de stockage sont possibles. L&rsquo;utilisation de la surface utile de l&rsquo;entrep\u00f4t augmente ainsi de 100%. En tant que fabricant de plateformes, nous pouvons vous assurer des d\u00e9lais de livraison courts et le meilleur service \u00e0 des prix imbattables. Dans les 4 \u00e0 6 semaines apr\u00e8s la v\u00e9rification des mesures sur place, nous fournissons et assemblons votre plate-forme.<\/p>\n","protected":false},"excerpt":{"rendered":"<p>Plancher :<\/p>\n<ul>\n<li>Plancher en bois \u00e9paisseur 38mm &#8211; agglom\u00e9r\u00e9 sur-densifi\u00e9 690 Kg \/ m\u00b2 class\u00e9 M3<\/li>\n<li>Caillebotis ou t\u00f4le larm\u00e9e<\/li>\n<\/ul>\n<p>Charge : De 250 \u00e0 1000 Kg \/ m\u00b2<br \/>\nPort\u00e9e : Jusque 8000 mm &#8211; au-dessus commande sp\u00e9cifique<\/p>\n","protected":false},"featured_media":13,"comment_status":"open","ping_status":"closed","template":"","meta":{"_acf_changed":false,"_et_pb_use_builder":"","_et_pb_old_content":"","_et_gb_content_width":""},"product_brand":[],"product_cat":[18,28,59],"product_tag":[],"class_list":{"0":"post-12","1":"product","2":"type-product","3":"status-publish","4":"has-post-thumbnail","6":"product_cat-amenager-une-surface-de-stockage","7":"product_cat-plateforme-sur-mesures","8":"product_cat-star","10":"first","11":"instock","12":"shipping-taxable","13":"product-type-simple"},"acf":[],"_links":{"self":[{"href":"https:\/\/wallonie.continentalrack.be\/index.php?rest_route=\/wp\/v2\/product\/12","targetHints":{"allow":["GET"]}}],"collection":[{"href":"https:\/\/wallonie.continentalrack.be\/index.php?rest_route=\/wp\/v2\/product"}],"about":[{"href":"https:\/\/wallonie.continentalrack.be\/index.php?rest_route=\/wp\/v2\/types\/product"}],"replies":[{"embeddable":true,"href":"https:\/\/wallonie.continentalrack.be\/index.php?rest_route=%2Fwp%2Fv2%2Fcomments&post=12"}],"wp:featuredmedia":[{"embeddable":true,"href":"https:\/\/wallonie.continentalrack.be\/index.php?rest_route=\/wp\/v2\/media\/13"}],"wp:attachment":[{"href":"https:\/\/wallonie.continentalrack.be\/index.php?rest_route=%2Fwp%2Fv2%2Fmedia&parent=12"}],"wp:term":[{"taxonomy":"product_brand","embeddable":true,"href":"https:\/\/wallonie.continentalrack.be\/index.php?rest_route=%2Fwp%2Fv2%2Fproduct_brand&post=12"},{"taxonomy":"product_cat","embeddable":true,"href":"https:\/\/wallonie.continentalrack.be\/index.php?rest_route=%2Fwp%2Fv2%2Fproduct_cat&post=12"},{"taxonomy":"product_tag","embeddable":true,"href":"https:\/\/wallonie.continentalrack.be\/index.php?rest_route=%2Fwp%2Fv2%2Fproduct_tag&post=12"}],"curies":[{"name":"wp","href":"https:\/\/api.w.org\/{rel}","templated":true}]}}