{"id":104,"date":"2022-09-19T16:19:23","date_gmt":"2022-09-19T16:19:23","guid":{"rendered":"https:\/\/dev.continentalrack.fr\/?page_id=104"},"modified":"2023-05-16T16:31:38","modified_gmt":"2023-05-16T16:31:38","slug":"notre-societe","status":"publish","type":"page","link":"https:\/\/wallonie.continentalrack.be\/?page_id=104","title":{"rendered":"Notre soci\u00e9t\u00e9"},"content":{"rendered":"<p>[et_pb_section fb_built=\u00a0\u00bb1&Prime; _builder_version=\u00a0\u00bb4.18.0&Prime; _module_preset=\u00a0\u00bbdefault\u00a0\u00bb custom_padding=\u00a0\u00bb50px|5vw|50px|5vw|false|true\u00a0\u00bb global_colors_info=\u00a0\u00bb{}\u00a0\u00bb][et_pb_row column_structure=\u00a0\u00bb3_5,2_5&Prime; _builder_version=\u00a0\u00bb4.18.0&Prime; _module_preset=\u00a0\u00bbdefault\u00a0\u00bb global_colors_info=\u00a0\u00bb{}\u00a0\u00bb][et_pb_column type=\u00a0\u00bb3_5&Prime; _builder_version=\u00a0\u00bb4.18.0&Prime; _module_preset=\u00a0\u00bbdefault\u00a0\u00bb global_colors_info=\u00a0\u00bb{}\u00a0\u00bb][et_pb_text _builder_version=\u00a0\u00bb4.18.0&Prime; _module_preset=\u00a0\u00bbdefault\u00a0\u00bb text_orientation=\u00a0\u00bbjustified\u00a0\u00bb global_colors_info=\u00a0\u00bb{}\u00a0\u00bb]<\/p>\n<p><strong>Continental Rack Belgique <\/strong>a \u00e9t\u00e9 cr\u00e9\u00e9 en Belgique en 1999.<\/p>\n<p>Nous avons trouv\u00e9 cette solution afin d\u2019\u00eatre au plus pr\u00eas de nos clients et de pouvoir r\u00e9pondre rapidement \u00e0 leurs besoins, nous employons du personnel qualifi\u00e9 ayant une exp\u00e9rience de plusieurs dizaines d\u2019ann\u00e9es dans la vente, dans divers domaines plus ou moins sp\u00e9cifiques \u2013 Leurs connaissances permettent de juger au mieux des besoins et de la solution \u00e0 apporter.<\/p>\n<p>Le Groupe Continental Rack emploie 35 personnes et le chiffre d\u2019affaire s\u2019\u00e9l\u00e8ve \u00e0 8.000.000 \u20ac. Nous exportons nos produits vers l\u2019Allemagne, la Belgique et les Pays-Bas. Plus de 25.000 clients peuvent t\u00e9moigner de notre efficacit\u00e9 de service et de nos livraisons rapides. Notre service commercial et notre bureau d\u2019\u00e9tude se tiennent \u00e0 votre disposition.<\/p>\n<p>[\/et_pb_text][\/et_pb_column][et_pb_column type=\u00a0\u00bb2_5&Prime; _builder_version=\u00a0\u00bb4.18.0&Prime; _module_preset=\u00a0\u00bbdefault\u00a0\u00bb custom_padding=\u00a0\u00bb2vw||||false|false\u00a0\u00bb global_colors_info=\u00a0\u00bb{}\u00a0\u00bb][et_pb_image src=\u00a0\u00bbhttps:\/\/dev.continentalrack.fr\/wp-content\/uploads\/2022\/09\/logo.jpg\u00a0\u00bb title_text=\u00a0\u00bblogo\u00a0\u00bb _builder_version=\u00a0\u00bb4.18.0&Prime; _module_preset=\u00a0\u00bbdefault\u00a0\u00bb animation_style=\u00a0\u00bbzoom\u00a0\u00bb animation_intensity_zoom=\u00a0\u00bb5%\u00a0\u00bb global_colors_info=\u00a0\u00bb{}\u00a0\u00bb][\/et_pb_image][\/et_pb_column][\/et_pb_row][et_pb_row column_structure=\u00a0\u00bb1_3,1_3,1_3&Prime; _builder_version=\u00a0\u00bb4.18.0&Prime; _module_preset=\u00a0\u00bbdefault\u00a0\u00bb background_color=\u00a0\u00bb#487fbb\u00a0\u00bb custom_margin=\u00a0\u00bb2vw||2vw||false|false\u00a0\u00bb custom_padding=\u00a0\u00bb1vw||1.5vw||false|false\u00a0\u00bb global_colors_info=\u00a0\u00bb{}\u00a0\u00bb][et_pb_column type=\u00a0\u00bb1_3&Prime; _builder_version=\u00a0\u00bb4.18.0&Prime; _module_preset=\u00a0\u00bbdefault\u00a0\u00bb global_colors_info=\u00a0\u00bb{}\u00a0\u00bb][et_pb_number_counter title=\u00a0\u00bbemploy\u00e9s\u00a0\u00bb number=\u00a0\u00bb35&Prime; percent_sign=\u00a0\u00bboff\u00a0\u00bb _builder_version=\u00a0\u00bb4.18.0&Prime; _module_preset=\u00a0\u00bbdefault\u00a0\u00bb title_text_color=\u00a0\u00bb#FFFFFF\u00a0\u00bb title_line_height=\u00a0\u00bb0em\u00a0\u00bb number_font=\u00a0\u00bb|600|||||||\u00a0\u00bb number_text_color=\u00a0\u00bb#FFFFFF\u00a0\u00bb number_font_size=\u00a0\u00bb60px\u00a0\u00bb global_colors_info=\u00a0\u00bb{}\u00a0\u00bb][\/et_pb_number_counter][\/et_pb_column][et_pb_column type=\u00a0\u00bb1_3&Prime; _builder_version=\u00a0\u00bb4.18.0&Prime; _module_preset=\u00a0\u00bbdefault\u00a0\u00bb global_colors_info=\u00a0\u00bb{}\u00a0\u00bb][et_pb_number_counter title=\u00a0\u00bbclients\u00a0\u00bb number=\u00a0\u00bb25000&Prime; percent_sign=\u00a0\u00bboff\u00a0\u00bb _builder_version=\u00a0\u00bb4.18.0&Prime; _module_preset=\u00a0\u00bbdefault\u00a0\u00bb title_text_color=\u00a0\u00bb#FFFFFF\u00a0\u00bb title_line_height=\u00a0\u00bb0em\u00a0\u00bb number_font=\u00a0\u00bb|600|||||||\u00a0\u00bb number_text_color=\u00a0\u00bb#FFFFFF\u00a0\u00bb number_font_size=\u00a0\u00bb60px\u00a0\u00bb global_colors_info=\u00a0\u00bb{}\u00a0\u00bb][\/et_pb_number_counter][\/et_pb_column][et_pb_column type=\u00a0\u00bb1_3&Prime; _builder_version=\u00a0\u00bb4.18.0&Prime; _module_preset=\u00a0\u00bbdefault\u00a0\u00bb global_colors_info=\u00a0\u00bb{}\u00a0\u00bb][et_pb_number_counter title=\u00a0\u00bbmillions \u20ac de C.A.\u00a0\u00bb number=\u00a0\u00bb8&Prime; percent_sign=\u00a0\u00bboff\u00a0\u00bb _builder_version=\u00a0\u00bb4.18.0&Prime; _module_preset=\u00a0\u00bbdefault\u00a0\u00bb title_text_color=\u00a0\u00bb#FFFFFF\u00a0\u00bb title_line_height=\u00a0\u00bb0em\u00a0\u00bb number_font=\u00a0\u00bb|600|||||||\u00a0\u00bb number_text_color=\u00a0\u00bb#FFFFFF\u00a0\u00bb number_font_size=\u00a0\u00bb60px\u00a0\u00bb global_colors_info=\u00a0\u00bb{}\u00a0\u00bb][\/et_pb_number_counter][\/et_pb_column][\/et_pb_row][et_pb_row _builder_version=\u00a0\u00bb4.18.0&Prime; _module_preset=\u00a0\u00bbdefault\u00a0\u00bb global_colors_info=\u00a0\u00bb{}\u00a0\u00bb][et_pb_column type=\u00a0\u00bb4_4&Prime; _builder_version=\u00a0\u00bb4.18.0&Prime; _module_preset=\u00a0\u00bbdefault\u00a0\u00bb global_colors_info=\u00a0\u00bb{}\u00a0\u00bb][et_pb_code _builder_version=\u00a0\u00bb4.18.0&Prime; _module_preset=\u00a0\u00bbdefault\u00a0\u00bb global_colors_info=\u00a0\u00bb{}\u00a0\u00bb]<iframe src=\"https:\/\/www.google.com\/maps\/d\/u\/0\/embed?mid=1OoYI7wSi4GlOEsvid7LiokdtVsFrqw8&#038;ehbc=2E312F\" width=\"100%\" height=\"600\" style=\"border:0;\" allowfullscreen=\"\" loading=\"lazy\" referrerpolicy=\"no-referrer-when-downgrade\" frameborder=\"0\" aria-hidden=\"false\" tabindex=\"0\"><\/iframe>[\/et_pb_code][\/et_pb_column][\/et_pb_row][et_pb_row column_structure=\u00a0\u00bb2_5,3_5&Prime; _builder_version=\u00a0\u00bb4.18.0&Prime; _module_preset=\u00a0\u00bbdefault\u00a0\u00bb custom_padding=\u00a0\u00bb3vw||1vw||false|false\u00a0\u00bb global_colors_info=\u00a0\u00bb{}\u00a0\u00bb][et_pb_column type=\u00a0\u00bb2_5&Prime; _builder_version=\u00a0\u00bb4.18.0&Prime; _module_preset=\u00a0\u00bbdefault\u00a0\u00bb global_colors_info=\u00a0\u00bb{}\u00a0\u00bb][et_pb_image src=\u00a0\u00bbhttps:\/\/wallonie.continentalrack.be\/wp-content\/uploads\/2022\/09\/societe_calcul.jpg\u00a0\u00bb title_text=\u00a0\u00bbsociete_calcul\u00a0\u00bb _builder_version=\u00a0\u00bb4.18.0&Prime; _module_preset=\u00a0\u00bbdefault\u00a0\u00bb width=\u00a0\u00bb80%\u00a0\u00bb module_alignment=\u00a0\u00bbright\u00a0\u00bb module_alignment_tablet=\u00a0\u00bbright\u00a0\u00bb module_alignment_phone=\u00a0\u00bbcenter\u00a0\u00bb module_alignment_last_edited=\u00a0\u00bbon|phone\u00a0\u00bb global_colors_info=\u00a0\u00bb{}\u00a0\u00bb][\/et_pb_image][\/et_pb_column][et_pb_column type=\u00a0\u00bb3_5&Prime; _builder_version=\u00a0\u00bb4.18.0&Prime; _module_preset=\u00a0\u00bbdefault\u00a0\u00bb custom_padding=\u00a0\u00bb||||false|false\u00a0\u00bb global_colors_info=\u00a0\u00bb{}\u00a0\u00bb][et_pb_blurb title=\u00a0\u00bbService commercial\u00a0\u00bb icon_placement=\u00a0\u00bbleft\u00a0\u00bb _builder_version=\u00a0\u00bb4.18.0&Prime; _module_preset=\u00a0\u00bbdefault\u00a0\u00bb header_level=\u00a0\u00bbh2&Prime; header_font=\u00a0\u00bb|600|||||||\u00a0\u00bb header_text_color=\u00a0\u00bb#487FBB\u00a0\u00bb header_font_size=\u00a0\u00bb20px\u00a0\u00bb body_text_align=\u00a0\u00bbjustify\u00a0\u00bb global_colors_info=\u00a0\u00bb{}\u00a0\u00bb]<\/p>\n<p>Nos repr\u00e9sentants travaillent sur plan ou se d\u00e9placent sur site afin de trouver les meilleures solutions de stockage. Apr\u00e8s la visite, nous vous faisons un devis gratuit et sans engagement de votre part. Naturellement, nous cherchons toujours la solution qui correspond le mieux \u00e0 vos besoins.<\/p>\n<p>[\/et_pb_blurb][\/et_pb_column][\/et_pb_row][et_pb_row column_structure=\u00a0\u00bb2_5,3_5&Prime; _builder_version=\u00a0\u00bb4.18.0&Prime; _module_preset=\u00a0\u00bbdefault\u00a0\u00bb custom_padding=\u00a0\u00bb1vw||1vw||true|false\u00a0\u00bb global_colors_info=\u00a0\u00bb{}\u00a0\u00bb][et_pb_column type=\u00a0\u00bb2_5&Prime; _builder_version=\u00a0\u00bb4.18.0&Prime; _module_preset=\u00a0\u00bbdefault\u00a0\u00bb global_colors_info=\u00a0\u00bb{}\u00a0\u00bb][et_pb_image src=\u00a0\u00bbhttps:\/\/wallonie.continentalrack.be\/wp-content\/uploads\/2022\/09\/societe_commercial2.jpg\u00a0\u00bb title_text=\u00a0\u00bbsociete_commercial2&Prime; _builder_version=\u00a0\u00bb4.18.0&Prime; _module_preset=\u00a0\u00bbdefault\u00a0\u00bb width=\u00a0\u00bb80%\u00a0\u00bb module_alignment=\u00a0\u00bbright\u00a0\u00bb module_alignment_tablet=\u00a0\u00bbright\u00a0\u00bb module_alignment_phone=\u00a0\u00bbcenter\u00a0\u00bb module_alignment_last_edited=\u00a0\u00bbon|phone\u00a0\u00bb global_colors_info=\u00a0\u00bb{}\u00a0\u00bb][\/et_pb_image][\/et_pb_column][et_pb_column type=\u00a0\u00bb3_5&Prime; _builder_version=\u00a0\u00bb4.18.0&Prime; _module_preset=\u00a0\u00bbdefault\u00a0\u00bb custom_padding=\u00a0\u00bb||||false|false\u00a0\u00bb global_colors_info=\u00a0\u00bb{}\u00a0\u00bb][et_pb_blurb title=\u00a0\u00bbService de calcul\u00a0\u00bb icon_placement=\u00a0\u00bbleft\u00a0\u00bb _builder_version=\u00a0\u00bb4.18.0&Prime; _module_preset=\u00a0\u00bbdefault\u00a0\u00bb header_level=\u00a0\u00bbh2&Prime; header_font=\u00a0\u00bb|600|||||||\u00a0\u00bb header_text_color=\u00a0\u00bb#487FBB\u00a0\u00bb header_font_size=\u00a0\u00bb20px\u00a0\u00bb body_text_align=\u00a0\u00bbjustify\u00a0\u00bb global_colors_info=\u00a0\u00bb{}\u00a0\u00bb]<\/p>\n<p>Nos calculs sont bas\u00e9s sur les recommandations de FEM 10.02.02, concernant la conception statique des rayonnages. Nous vous garantissons des d\u00e9lais tr\u00e8s courts, car Continental Rack effectue ces calculs en interne. De plus, nos offres sont toujours gratuites et sans engagements de votre part.<\/p>\n<p>Pour les mezzanines, nous utilisons le logiciel ROBOT afin de certifier les calculs de charge et de stabilit\u00e9. Ce logiciel est utilis\u00e9 par de nombreux bureaux de contr\u00f4le<\/p>\n<p>[\/et_pb_blurb][\/et_pb_column][\/et_pb_row][et_pb_row column_structure=\u00a0\u00bb2_5,3_5&Prime; _builder_version=\u00a0\u00bb4.18.0&Prime; _module_preset=\u00a0\u00bbdefault\u00a0\u00bb custom_padding=\u00a0\u00bb1vw||1vw||true|false\u00a0\u00bb global_colors_info=\u00a0\u00bb{}\u00a0\u00bb][et_pb_column type=\u00a0\u00bb2_5&Prime; _builder_version=\u00a0\u00bb4.18.0&Prime; _module_preset=\u00a0\u00bbdefault\u00a0\u00bb global_colors_info=\u00a0\u00bb{}\u00a0\u00bb][et_pb_image src=\u00a0\u00bbhttps:\/\/wallonie.continentalrack.be\/wp-content\/uploads\/2022\/09\/societe_production.jpg\u00a0\u00bb title_text=\u00a0\u00bbsociete_production\u00a0\u00bb _builder_version=\u00a0\u00bb4.18.0&Prime; _module_preset=\u00a0\u00bbdefault\u00a0\u00bb width=\u00a0\u00bb80%\u00a0\u00bb module_alignment=\u00a0\u00bbright\u00a0\u00bb module_alignment_tablet=\u00a0\u00bbright\u00a0\u00bb module_alignment_phone=\u00a0\u00bbcenter\u00a0\u00bb module_alignment_last_edited=\u00a0\u00bbon|phone\u00a0\u00bb global_colors_info=\u00a0\u00bb{}\u00a0\u00bb][\/et_pb_image][\/et_pb_column][et_pb_column type=\u00a0\u00bb3_5&Prime; _builder_version=\u00a0\u00bb4.18.0&Prime; _module_preset=\u00a0\u00bbdefault\u00a0\u00bb custom_padding=\u00a0\u00bb||||false|false\u00a0\u00bb global_colors_info=\u00a0\u00bb{}\u00a0\u00bb][et_pb_blurb title=\u00a0\u00bbLa production\u00a0\u00bb icon_placement=\u00a0\u00bbleft\u00a0\u00bb _builder_version=\u00a0\u00bb4.18.0&Prime; _module_preset=\u00a0\u00bbdefault\u00a0\u00bb header_level=\u00a0\u00bbh2&Prime; header_font=\u00a0\u00bb|600|||||||\u00a0\u00bb header_text_color=\u00a0\u00bb#487FBB\u00a0\u00bb header_font_size=\u00a0\u00bb20px\u00a0\u00bb body_text_align=\u00a0\u00bbjustify\u00a0\u00bb global_colors_info=\u00a0\u00bb{}\u00a0\u00bb]Scier, couper, souder, perforer, peindre \u2026 tout se passe dans l\u2019usine de Continental Rack. Dans notre nouveau b\u00e2timent, nous produisons des rayonnages et des plates-formes sur mesure et \u00e0 la demande du client. Nous travaillons aussi avec des mesures standards, afin de trouver la solution la plus \u00e9conomique pour am\u00e9nager votre magasin.[\/et_pb_blurb][\/et_pb_column][\/et_pb_row][et_pb_row column_structure=\u00a0\u00bb2_5,3_5&Prime; _builder_version=\u00a0\u00bb4.18.0&Prime; _module_preset=\u00a0\u00bbdefault\u00a0\u00bb custom_padding=\u00a0\u00bb1vw||1vw||true|false\u00a0\u00bb global_colors_info=\u00a0\u00bb{}\u00a0\u00bb][et_pb_column type=\u00a0\u00bb2_5&Prime; _builder_version=\u00a0\u00bb4.18.0&Prime; _module_preset=\u00a0\u00bbdefault\u00a0\u00bb global_colors_info=\u00a0\u00bb{}\u00a0\u00bb][et_pb_image src=\u00a0\u00bbhttps:\/\/wallonie.continentalrack.be\/wp-content\/uploads\/2022\/09\/societe_transport.jpg\u00a0\u00bb title_text=\u00a0\u00bbsociete_transport\u00a0\u00bb _builder_version=\u00a0\u00bb4.18.0&Prime; _module_preset=\u00a0\u00bbdefault\u00a0\u00bb width=\u00a0\u00bb80%\u00a0\u00bb module_alignment=\u00a0\u00bbright\u00a0\u00bb module_alignment_tablet=\u00a0\u00bbright\u00a0\u00bb module_alignment_phone=\u00a0\u00bbcenter\u00a0\u00bb module_alignment_last_edited=\u00a0\u00bbon|phone\u00a0\u00bb global_colors_info=\u00a0\u00bb{}\u00a0\u00bb][\/et_pb_image][\/et_pb_column][et_pb_column type=\u00a0\u00bb3_5&Prime; _builder_version=\u00a0\u00bb4.18.0&Prime; _module_preset=\u00a0\u00bbdefault\u00a0\u00bb custom_padding=\u00a0\u00bb||||false|false\u00a0\u00bb global_colors_info=\u00a0\u00bb{}\u00a0\u00bb][et_pb_blurb title=\u00a0\u00bbTransport\u00a0\u00bb icon_placement=\u00a0\u00bbleft\u00a0\u00bb _builder_version=\u00a0\u00bb4.18.0&Prime; _module_preset=\u00a0\u00bbdefault\u00a0\u00bb header_level=\u00a0\u00bbh2&Prime; header_font=\u00a0\u00bb|600|||||||\u00a0\u00bb header_text_color=\u00a0\u00bb#487FBB\u00a0\u00bb header_font_size=\u00a0\u00bb20px\u00a0\u00bb body_text_align=\u00a0\u00bbjustify\u00a0\u00bb global_colors_info=\u00a0\u00bb{}\u00a0\u00bb]Continental Rack a son propre service de transport. Toutes les livraisons dans le nord de la France sont principalement effectu\u00e9es par nos services.<\/p>\n<p>Pour le reste, nous nous entourons de partenaires fiables et respectueux du mat\u00e9riel transport\u00e9, ceci afin que nos clients soient pleinement satisfaits.[\/et_pb_blurb][\/et_pb_column][\/et_pb_row][et_pb_row column_structure=\u00a0\u00bb2_5,3_5&Prime; _builder_version=\u00a0\u00bb4.18.0&Prime; _module_preset=\u00a0\u00bbdefault\u00a0\u00bb custom_padding=\u00a0\u00bb1vw||1vw||true|false\u00a0\u00bb global_colors_info=\u00a0\u00bb{}\u00a0\u00bb][et_pb_column type=\u00a0\u00bb2_5&Prime; _builder_version=\u00a0\u00bb4.18.0&Prime; _module_preset=\u00a0\u00bbdefault\u00a0\u00bb global_colors_info=\u00a0\u00bb{}\u00a0\u00bb][et_pb_image src=\u00a0\u00bbhttps:\/\/wallonie.continentalrack.be\/wp-content\/uploads\/2022\/09\/societe_montage2.jpg\u00a0\u00bb title_text=\u00a0\u00bbsociete_montage2&Prime; _builder_version=\u00a0\u00bb4.18.0&Prime; _module_preset=\u00a0\u00bbdefault\u00a0\u00bb width=\u00a0\u00bb80%\u00a0\u00bb module_alignment=\u00a0\u00bbright\u00a0\u00bb module_alignment_tablet=\u00a0\u00bbright\u00a0\u00bb module_alignment_phone=\u00a0\u00bbcenter\u00a0\u00bb module_alignment_last_edited=\u00a0\u00bbon|phone\u00a0\u00bb global_colors_info=\u00a0\u00bb{}\u00a0\u00bb][\/et_pb_image][\/et_pb_column][et_pb_column type=\u00a0\u00bb3_5&Prime; _builder_version=\u00a0\u00bb4.18.0&Prime; _module_preset=\u00a0\u00bbdefault\u00a0\u00bb custom_padding=\u00a0\u00bb||||false|false\u00a0\u00bb global_colors_info=\u00a0\u00bb{}\u00a0\u00bb][et_pb_blurb title=\u00a0\u00bbMontage\u00a0\u00bb icon_placement=\u00a0\u00bbleft\u00a0\u00bb _builder_version=\u00a0\u00bb4.18.0&Prime; _module_preset=\u00a0\u00bbdefault\u00a0\u00bb header_level=\u00a0\u00bbh2&Prime; header_font=\u00a0\u00bb|600|||||||\u00a0\u00bb header_text_color=\u00a0\u00bb#487FBB\u00a0\u00bb header_font_size=\u00a0\u00bb20px\u00a0\u00bb body_text_align=\u00a0\u00bbjustify\u00a0\u00bb global_colors_info=\u00a0\u00bb{}\u00a0\u00bb]<\/p>\n<p>L\u2019assemblage des \u00e9chelles est effectu\u00e9 par Continental Rack. De cette fa\u00e7on, le montage sur place devient tr\u00e8s simple et plus rapide chez le client, nous pouvons de ce fait avoir des prix de pose comp\u00e9titifs.<br \/>Vous pouvez choisir l\u2019option soit \u00e0 monter vous-m\u00eame ou par nos services.<br \/>En ce qui concernent les poses, nous avons une garantie d\u00e9cennale.<\/p>\n<p>[\/et_pb_blurb][\/et_pb_column][\/et_pb_row][\/et_pb_section]<\/p>\n","protected":false},"excerpt":{"rendered":"<p>Continental Rack Belgique a \u00e9t\u00e9 cr\u00e9\u00e9 en Belgique en 1999. Nous avons trouv\u00e9 cette solution afin d\u2019\u00eatre au plus pr\u00eas de nos clients et de pouvoir r\u00e9pondre rapidement \u00e0 leurs besoins, nous employons du personnel qualifi\u00e9 ayant une exp\u00e9rience de plusieurs dizaines d\u2019ann\u00e9es dans la vente, dans divers domaines plus ou moins sp\u00e9cifiques \u2013 Leurs [&hellip;]<\/p>\n","protected":false},"author":1,"featured_media":0,"parent":0,"menu_order":0,"comment_status":"closed","ping_status":"closed","template":"","meta":{"_acf_changed":false,"_et_pb_use_builder":"on","_et_pb_old_content":"","_et_gb_content_width":"","footnotes":""},"class_list":["post-104","page","type-page","status-publish","hentry"],"acf":[],"_links":{"self":[{"href":"https:\/\/wallonie.continentalrack.be\/index.php?rest_route=\/wp\/v2\/pages\/104","targetHints":{"allow":["GET"]}}],"collection":[{"href":"https:\/\/wallonie.continentalrack.be\/index.php?rest_route=\/wp\/v2\/pages"}],"about":[{"href":"https:\/\/wallonie.continentalrack.be\/index.php?rest_route=\/wp\/v2\/types\/page"}],"author":[{"embeddable":true,"href":"https:\/\/wallonie.continentalrack.be\/index.php?rest_route=\/wp\/v2\/users\/1"}],"replies":[{"embeddable":true,"href":"https:\/\/wallonie.continentalrack.be\/index.php?rest_route=%2Fwp%2Fv2%2Fcomments&post=104"}],"version-history":[{"count":23,"href":"https:\/\/wallonie.continentalrack.be\/index.php?rest_route=\/wp\/v2\/pages\/104\/revisions"}],"predecessor-version":[{"id":1046,"href":"https:\/\/wallonie.continentalrack.be\/index.php?rest_route=\/wp\/v2\/pages\/104\/revisions\/1046"}],"wp:attachment":[{"href":"https:\/\/wallonie.continentalrack.be\/index.php?rest_route=%2Fwp%2Fv2%2Fmedia&parent=104"}],"curies":[{"name":"wp","href":"https:\/\/api.w.org\/{rel}","templated":true}]}}